{"id":1004,"date":"2024-09-12T17:22:39","date_gmt":"2024-09-12T15:22:39","guid":{"rendered":"https:\/\/spdgirona.com\/?page_id=1004"},"modified":"2025-01-29T17:54:54","modified_gmt":"2025-01-29T16:54:54","slug":"inicio","status":"publish","type":"page","link":"http:\/\/spdgirona.com\/es\/inicio\/","title":{"rendered":"Inicio"},"content":{"rendered":"\t\t<div data-elementor-type=\"wp-page\" data-elementor-id=\"1004\" class=\"elementor elementor-1004 elementor-8\" data-elementor-post-type=\"page\">\n\t\t\t\t<div class=\"elementor-element elementor-element-cd0b0da e-flex e-con-boxed e-con e-parent\" data-id=\"cd0b0da\" data-element_type=\"container\" data-settings=\"{&quot;background_background&quot;:&quot;classic&quot;}\">\n\t\t\t\t\t<div class=\"e-con-inner\">\n\t\t\t\t<div class=\"elementor-element elementor-element-a9e6cb1 elementor-widget elementor-widget-image\" data-id=\"a9e6cb1\" data-element_type=\"widget\" data-widget_type=\"image.default\">\n\t\t\t\t<div class=\"elementor-widget-container\">\n\t\t\t\t\t\t\t\t\t\t\t\t\t\t\t<img decoding=\"async\" src=\"http:\/\/spdgirona.com\/wp-content\/uploads\/elementor\/thumbs\/spd-girona-r0q64g958edhmiuuyse752olvqoi0jay39assbqrv0.webp\" title=\"spd girona\" alt=\"spd girona\" loading=\"lazy\" \/>\t\t\t\t\t\t\t\t\t\t\t\t\t\t\t<\/div>\n\t\t\t\t<\/div>\n\t\t<div class=\"elementor-element elementor-element-5271319 e-con-full e-flex e-con e-child\" data-id=\"5271319\" data-element_type=\"container\" data-settings=\"{&quot;background_background&quot;:&quot;classic&quot;}\">\n\t\t\t\t<div class=\"elementor-element elementor-element-9eef3da elementor-widget__width-initial elementor-widget elementor-widget-text-editor\" data-id=\"9eef3da\" data-element_type=\"widget\" data-widget_type=\"text-editor.default\">\n\t\t\t\t<div class=\"elementor-widget-container\">\n\t\t\t\t\t\t\t\t\t<p>Estem actualitzant la nostra p\u00e0gina web per\u00f2 si necesites que ens encarreguem de la senyalitzaci\u00f3 d&#8217;obra, senyalitzaci\u00f3 horitzontal o cartelleria de la teva empresa\/entitat, pots contactar amb nosaltres a trav\u00e9s d&#8217;aquest formulari i ens posarem en contacte en menys de 48 h.<\/p>\t\t\t\t\t\t\t\t<\/div>\n\t\t\t\t<\/div>\n\t\t\t\t<div class=\"elementor-element elementor-element-81643c6 elementor-widget elementor-widget-heading\" data-id=\"81643c6\" data-element_type=\"widget\" data-widget_type=\"heading.default\">\n\t\t\t\t<div class=\"elementor-widget-container\">\n\t\t\t\t\t<h1 class=\"elementor-heading-title elementor-size-default\">Senyalitzaci\u00f3 horitzontal \u00b7 Senyalitzaci\u00f3 vertical \u00b7 Pintura vial \u00b7 Senyals \u00b7 Cartelleria<\/h1>\t\t\t\t<\/div>\n\t\t\t\t<\/div>\n\t\t\t\t<div class=\"elementor-element elementor-element-93efb64 elementor-widget__width-initial elementor-button-align-stretch elementor-widget elementor-widget-form\" data-id=\"93efb64\" data-element_type=\"widget\" data-settings=\"{&quot;step_next_label&quot;:&quot;Siguiente&quot;,&quot;step_previous_label&quot;:&quot;Anterior&quot;,&quot;button_width&quot;:&quot;100&quot;,&quot;step_type&quot;:&quot;number_text&quot;,&quot;step_icon_shape&quot;:&quot;circle&quot;}\" data-widget_type=\"form.default\">\n\t\t\t\t<div class=\"elementor-widget-container\">\n\t\t\t\t\t\t\t<form class=\"elementor-form\" method=\"post\" name=\"Formulario Comin Soon\">\n\t\t\t<input type=\"hidden\" name=\"post_id\" value=\"1004\"\/>\n\t\t\t<input type=\"hidden\" name=\"form_id\" value=\"93efb64\"\/>\n\t\t\t<input type=\"hidden\" name=\"referer_title\" value=\"Inicio - SPD Girona\" \/>\n\n\t\t\t\t\t\t\t<input type=\"hidden\" name=\"queried_id\" value=\"1004\"\/>\n\t\t\t\n\t\t\t<div class=\"elementor-form-fields-wrapper elementor-labels-\">\n\t\t\t\t\t\t\t\t<div class=\"elementor-field-type-text elementor-field-group elementor-column elementor-field-group-name elementor-col-100\">\n\t\t\t\t\t\t\t\t\t\t\t\t<label for=\"form-field-name\" class=\"elementor-field-label elementor-screen-only\">\n\t\t\t\t\t\t\t\tNom\t\t\t\t\t\t\t<\/label>\n\t\t\t\t\t\t\t\t\t\t\t\t\t\t<input size=\"1\" type=\"text\" name=\"form_fields[name]\" id=\"form-field-name\" class=\"elementor-field elementor-size-sm  elementor-field-textual\" placeholder=\"Nom de la persona que ho sol\u00b7licita\">\n\t\t\t\t\t\t\t\t\t\t\t<\/div>\n\t\t\t\t\t\t\t\t<div class=\"elementor-field-type-text elementor-field-group elementor-column elementor-field-group-field_b1ff348 elementor-col-100\">\n\t\t\t\t\t\t\t\t\t\t\t\t<label for=\"form-field-field_b1ff348\" class=\"elementor-field-label elementor-screen-only\">\n\t\t\t\t\t\t\t\tNom empresa\t\t\t\t\t\t\t<\/label>\n\t\t\t\t\t\t\t\t\t\t\t\t\t\t<input size=\"1\" type=\"text\" name=\"form_fields[field_b1ff348]\" id=\"form-field-field_b1ff348\" class=\"elementor-field elementor-size-sm  elementor-field-textual\" placeholder=\"Nom de l\u2019empresa o entitat\">\n\t\t\t\t\t\t\t\t\t\t\t<\/div>\n\t\t\t\t\t\t\t\t<div class=\"elementor-field-type-email elementor-field-group elementor-column elementor-field-group-email elementor-col-100 elementor-field-required\">\n\t\t\t\t\t\t\t\t\t\t\t\t<label for=\"form-field-email\" class=\"elementor-field-label elementor-screen-only\">\n\t\t\t\t\t\t\t\tCorreu electr\u00f2nic\t\t\t\t\t\t\t<\/label>\n\t\t\t\t\t\t\t\t\t\t\t\t\t\t<input size=\"1\" type=\"email\" name=\"form_fields[email]\" id=\"form-field-email\" class=\"elementor-field elementor-size-sm  elementor-field-textual\" placeholder=\"Email\" required=\"required\">\n\t\t\t\t\t\t\t\t\t\t\t<\/div>\n\t\t\t\t\t\t\t\t<div class=\"elementor-field-type-tel elementor-field-group elementor-column elementor-field-group-field_c70c021 elementor-col-100\">\n\t\t\t\t\t\t\t\t\t\t\t\t<label for=\"form-field-field_c70c021\" class=\"elementor-field-label elementor-screen-only\">\n\t\t\t\t\t\t\t\tTel\u00e8fon\t\t\t\t\t\t\t<\/label>\n\t\t\t\t\t\t\t\t<input size=\"1\" type=\"tel\" name=\"form_fields[field_c70c021]\" id=\"form-field-field_c70c021\" class=\"elementor-field elementor-size-sm  elementor-field-textual\" placeholder=\"Tel\u00e8fon\" pattern=\"[0-9()#&amp;+*-=.]+\" title=\"Solo se aceptan n\u00fameros y caracteres de tel\u00e9fono (#,-,*,etc).\">\n\n\t\t\t\t\t\t<\/div>\n\t\t\t\t\t\t\t\t<div class=\"elementor-field-type-textarea elementor-field-group elementor-column elementor-field-group-message elementor-col-100\">\n\t\t\t\t\t\t\t\t\t\t\t\t<label for=\"form-field-message\" class=\"elementor-field-label elementor-screen-only\">\n\t\t\t\t\t\t\t\tMissatge\t\t\t\t\t\t\t<\/label>\n\t\t\t\t\t\t<textarea class=\"elementor-field-textual elementor-field  elementor-size-sm\" name=\"form_fields[message]\" id=\"form-field-message\" rows=\"4\" placeholder=\"Explica&#039;ns qu\u00e8 necessites\"><\/textarea>\t\t\t\t<\/div>\n\t\t\t\t\t\t\t\t<div class=\"elementor-field-type-acceptance elementor-field-group elementor-column elementor-field-group-field_95f30bf elementor-col-100 elementor-field-required\">\n\t\t\t\t\t\t\t\t\t\t\t\t<label for=\"form-field-field_95f30bf\" class=\"elementor-field-label elementor-screen-only\">\n\t\t\t\t\t\t\t\tAcceptaci\u00f3\t\t\t\t\t\t\t<\/label>\n\t\t\t\t\t\t\t\t<div class=\"elementor-field-subgroup\">\n\t\t\t<span class=\"elementor-field-option\">\n\t\t\t\t<input type=\"checkbox\" name=\"form_fields[field_95f30bf]\" id=\"form-field-field_95f30bf\" class=\"elementor-field elementor-size-sm  elementor-acceptance-field\" required=\"required\">\n\t\t\t\t<label for=\"form-field-field_95f30bf\"><font size=3 color=\"#ffffff\"> He llegit, entenc i accepto la <a href=\"#\" Target='_blank' >Pol\u00edtica de Privacitat <\/a> i l'<a href=\"#\" Target='_blank' >Av\u00eds legal <\/a><\/font><\/label>\t\t\t<\/span>\n\t\t<\/div>\n\t\t\t\t\t\t<\/div>\n\t\t\t\t\t\t\t\t<div class=\"elementor-field-group elementor-column elementor-field-type-submit elementor-col-100 e-form__buttons\">\n\t\t\t\t\t<button class=\"elementor-button elementor-size-sm\" type=\"submit\">\n\t\t\t\t\t\t<span class=\"elementor-button-content-wrapper\">\n\t\t\t\t\t\t\t\t\t\t\t\t\t\t\t\t\t\t\t\t\t\t<span class=\"elementor-button-text\">VULL M\u00c9S INFORMACI\u00d3<\/span>\n\t\t\t\t\t\t\t\t\t\t\t\t\t<\/span>\n\t\t\t\t\t<\/button>\n\t\t\t\t<\/div>\n\t\t\t<\/div>\n\t\t<\/form>\n\t\t\t\t\t\t<\/div>\n\t\t\t\t<\/div>\n\t\t\t\t<div class=\"elementor-element elementor-element-27ea59a elementor-widget__width-initial elementor-widget elementor-widget-text-editor\" data-id=\"27ea59a\" data-element_type=\"widget\" data-widget_type=\"text-editor.default\">\n\t\t\t\t<div class=\"elementor-widget-container\">\n\t\t\t\t\t\t\t\t\t<p>Informaci\u00f3 b\u00e0sica sobre Protecci\u00f3 de Dades. Responsable: SPD Girona S.L. Finalitat i tractament: donar acc\u00e9s al contingut sol\u00b7licitat i enviar comunicacions comercials relacionades Legitimaci\u00f3: Consentiment de l&#8217;interessat Drets: Podr\u00e0s exercir els teus drets d&#8217;acc\u00e9s, rectificaci\u00f3, limitaci\u00f3 i supressi\u00f3 de les dades a spdgirona@spdgirona.com. Informaci\u00f3 addicional: en la meva Pol\u00edtica de Privacitat pots consultar m\u00e9s informaci\u00f3 detallada sobre Protecci\u00f3 de Dades.<\/p>\t\t\t\t\t\t\t\t<\/div>\n\t\t\t\t<\/div>\n\t\t\t\t<\/div>\n\t\t\t\t\t<\/div>\n\t\t\t\t<\/div>\n\t\t\t\t<\/div>\n\t\t","protected":false},"excerpt":{"rendered":"","protected":false},"author":1,"featured_media":0,"parent":0,"menu_order":0,"comment_status":"closed","ping_status":"closed","template":"elementor_canvas","meta":{"footnotes":""},"class_list":["post-1004","page","type-page","status-publish","hentry"],"yoast_head":"<!-- This site is optimized with the Yoast SEO plugin v26.6 - https:\/\/yoast.com\/wordpress\/plugins\/seo\/ -->\n<title>Inicio - SPD Girona<\/title>\n<meta name=\"robots\" content=\"index, follow, max-snippet:-1, max-image-preview:large, max-video-preview:-1\" \/>\n<link rel=\"canonical\" href=\"http:\/\/spdgirona.com\/es\/inicio\/\" \/>\n<meta property=\"og:locale\" content=\"es_ES\" \/>\n<meta property=\"og:type\" content=\"article\" \/>\n<meta property=\"og:title\" content=\"Inicio - SPD Girona\" \/>\n<meta property=\"og:url\" content=\"http:\/\/spdgirona.com\/es\/inicio\/\" \/>\n<meta property=\"og:site_name\" content=\"SPD Girona\" \/>\n<meta property=\"article:modified_time\" content=\"2025-01-29T16:54:54+00:00\" \/>\n<meta name=\"twitter:card\" content=\"summary_large_image\" \/>\n<script type=\"application\/ld+json\" class=\"yoast-schema-graph\">{\"@context\":\"https:\/\/schema.org\",\"@graph\":[{\"@type\":\"WebPage\",\"@id\":\"http:\/\/spdgirona.com\/es\/inicio\/\",\"url\":\"http:\/\/spdgirona.com\/es\/inicio\/\",\"name\":\"Inicio - SPD Girona\",\"isPartOf\":{\"@id\":\"https:\/\/spdgirona.com\/es\/#website\"},\"datePublished\":\"2024-09-12T15:22:39+00:00\",\"dateModified\":\"2025-01-29T16:54:54+00:00\",\"breadcrumb\":{\"@id\":\"http:\/\/spdgirona.com\/es\/inicio\/#breadcrumb\"},\"inLanguage\":\"es\",\"potentialAction\":[{\"@type\":\"ReadAction\",\"target\":[\"http:\/\/spdgirona.com\/es\/inicio\/\"]}]},{\"@type\":\"BreadcrumbList\",\"@id\":\"http:\/\/spdgirona.com\/es\/inicio\/#breadcrumb\",\"itemListElement\":[{\"@type\":\"ListItem\",\"position\":1,\"name\":\"Portada\",\"item\":\"https:\/\/spdgirona.com\/es\/\"},{\"@type\":\"ListItem\",\"position\":2,\"name\":\"Inicio\"}]},{\"@type\":\"WebSite\",\"@id\":\"https:\/\/spdgirona.com\/es\/#website\",\"url\":\"https:\/\/spdgirona.com\/es\/\",\"name\":\"SPD Girona\",\"description\":\"\",\"publisher\":{\"@id\":\"https:\/\/spdgirona.com\/es\/#organization\"},\"potentialAction\":[{\"@type\":\"SearchAction\",\"target\":{\"@type\":\"EntryPoint\",\"urlTemplate\":\"https:\/\/spdgirona.com\/es\/?s={search_term_string}\"},\"query-input\":{\"@type\":\"PropertyValueSpecification\",\"valueRequired\":true,\"valueName\":\"search_term_string\"}}],\"inLanguage\":\"es\"},{\"@type\":\"Organization\",\"@id\":\"https:\/\/spdgirona.com\/es\/#organization\",\"name\":\"SPD Girona\",\"url\":\"https:\/\/spdgirona.com\/es\/\",\"logo\":{\"@type\":\"ImageObject\",\"inLanguage\":\"es\",\"@id\":\"https:\/\/spdgirona.com\/es\/#\/schema\/logo\/image\/\",\"url\":\"http:\/\/spdgirona.com\/wp-content\/uploads\/2024\/09\/SPD-girona-2.webp\",\"contentUrl\":\"http:\/\/spdgirona.com\/wp-content\/uploads\/2024\/09\/SPD-girona-2.webp\",\"width\":203,\"height\":52,\"caption\":\"SPD Girona\"},\"image\":{\"@id\":\"https:\/\/spdgirona.com\/es\/#\/schema\/logo\/image\/\"}}]}<\/script>\n<!-- \/ Yoast SEO plugin. -->","yoast_head_json":{"title":"Inicio - SPD Girona","robots":{"index":"index","follow":"follow","max-snippet":"max-snippet:-1","max-image-preview":"max-image-preview:large","max-video-preview":"max-video-preview:-1"},"canonical":"http:\/\/spdgirona.com\/es\/inicio\/","og_locale":"es_ES","og_type":"article","og_title":"Inicio - SPD Girona","og_url":"http:\/\/spdgirona.com\/es\/inicio\/","og_site_name":"SPD Girona","article_modified_time":"2025-01-29T16:54:54+00:00","twitter_card":"summary_large_image","schema":{"@context":"https:\/\/schema.org","@graph":[{"@type":"WebPage","@id":"http:\/\/spdgirona.com\/es\/inicio\/","url":"http:\/\/spdgirona.com\/es\/inicio\/","name":"Inicio - SPD Girona","isPartOf":{"@id":"https:\/\/spdgirona.com\/es\/#website"},"datePublished":"2024-09-12T15:22:39+00:00","dateModified":"2025-01-29T16:54:54+00:00","breadcrumb":{"@id":"http:\/\/spdgirona.com\/es\/inicio\/#breadcrumb"},"inLanguage":"es","potentialAction":[{"@type":"ReadAction","target":["http:\/\/spdgirona.com\/es\/inicio\/"]}]},{"@type":"BreadcrumbList","@id":"http:\/\/spdgirona.com\/es\/inicio\/#breadcrumb","itemListElement":[{"@type":"ListItem","position":1,"name":"Portada","item":"https:\/\/spdgirona.com\/es\/"},{"@type":"ListItem","position":2,"name":"Inicio"}]},{"@type":"WebSite","@id":"https:\/\/spdgirona.com\/es\/#website","url":"https:\/\/spdgirona.com\/es\/","name":"SPD Girona","description":"","publisher":{"@id":"https:\/\/spdgirona.com\/es\/#organization"},"potentialAction":[{"@type":"SearchAction","target":{"@type":"EntryPoint","urlTemplate":"https:\/\/spdgirona.com\/es\/?s={search_term_string}"},"query-input":{"@type":"PropertyValueSpecification","valueRequired":true,"valueName":"search_term_string"}}],"inLanguage":"es"},{"@type":"Organization","@id":"https:\/\/spdgirona.com\/es\/#organization","name":"SPD Girona","url":"https:\/\/spdgirona.com\/es\/","logo":{"@type":"ImageObject","inLanguage":"es","@id":"https:\/\/spdgirona.com\/es\/#\/schema\/logo\/image\/","url":"http:\/\/spdgirona.com\/wp-content\/uploads\/2024\/09\/SPD-girona-2.webp","contentUrl":"http:\/\/spdgirona.com\/wp-content\/uploads\/2024\/09\/SPD-girona-2.webp","width":203,"height":52,"caption":"SPD Girona"},"image":{"@id":"https:\/\/spdgirona.com\/es\/#\/schema\/logo\/image\/"}}]}},"_links":{"self":[{"href":"http:\/\/spdgirona.com\/es\/wp-json\/wp\/v2\/pages\/1004","targetHints":{"allow":["GET"]}}],"collection":[{"href":"http:\/\/spdgirona.com\/es\/wp-json\/wp\/v2\/pages"}],"about":[{"href":"http:\/\/spdgirona.com\/es\/wp-json\/wp\/v2\/types\/page"}],"author":[{"embeddable":true,"href":"http:\/\/spdgirona.com\/es\/wp-json\/wp\/v2\/users\/1"}],"replies":[{"embeddable":true,"href":"http:\/\/spdgirona.com\/es\/wp-json\/wp\/v2\/comments?post=1004"}],"version-history":[{"count":1,"href":"http:\/\/spdgirona.com\/es\/wp-json\/wp\/v2\/pages\/1004\/revisions"}],"predecessor-version":[{"id":1005,"href":"http:\/\/spdgirona.com\/es\/wp-json\/wp\/v2\/pages\/1004\/revisions\/1005"}],"wp:attachment":[{"href":"http:\/\/spdgirona.com\/es\/wp-json\/wp\/v2\/media?parent=1004"}],"curies":[{"name":"wp","href":"https:\/\/api.w.org\/{rel}","templated":true}]}}