{"id":1108,"date":"2025-01-29T15:52:03","date_gmt":"2025-01-29T14:52:03","guid":{"rendered":"https:\/\/spdgirona.com\/?page_id=1108"},"modified":"2025-01-31T08:51:07","modified_gmt":"2025-01-31T07:51:07","slug":"politica-de-cookies","status":"publish","type":"page","link":"https:\/\/spdgirona.com\/es\/politica-de-cookies\/","title":{"rendered":"Pol\u00edtica de cookies"},"content":{"rendered":"\t\t<div data-elementor-type=\"wp-page\" data-elementor-id=\"1108\" class=\"elementor elementor-1108 elementor-846\" data-elementor-post-type=\"page\">\n\t\t\t\t<div class=\"elementor-element elementor-element-6640b73e e-flex e-con-boxed e-con e-parent\" data-id=\"6640b73e\" data-element_type=\"container\">\n\t\t\t\t\t<div class=\"e-con-inner\">\n\t\t\t\t<div class=\"elementor-element elementor-element-7eb8459 elementor-widget elementor-widget-heading\" data-id=\"7eb8459\" data-element_type=\"widget\" data-widget_type=\"heading.default\">\n\t\t\t\t<div class=\"elementor-widget-container\">\n\t\t\t\t\t<div class=\"elementor-heading-title elementor-size-default\">Pol\u00edtica de cookies<\/div>\t\t\t\t<\/div>\n\t\t\t\t<\/div>\n\t\t\t\t<div class=\"elementor-element elementor-element-3ec3538 elementor-widget elementor-widget-text-editor\" data-id=\"3ec3538\" data-element_type=\"widget\" data-widget_type=\"text-editor.default\">\n\t\t\t\t<div class=\"elementor-widget-container\">\n\t\t\t\t\t\t\t\t\t<p>Las cookies son peque\u00f1os archivos que se instalan en el ordenador del usuario y que permiten al responsable de un servicio mejorar la forma de interactuar entre sus visitantes y su sitio web. En algunos casos, la instalaci\u00f3n de estas cookies requiere del consentimiento del usuario.<\/p><p>Existen diferentes clases de cookies, afectadas y no afectadas por la Ley:<\/p><p>Cookies no afectadas:<\/p><ul><li>T\u00e9cnicas:\u00a0Son necesaria para la navegaci\u00f3n. Sin ellas la p\u00e1gina no funcionar\u00eda adecuadamente.<\/li><li>De personalizaci\u00f3n o configuraci\u00f3n:\u00a0Permiten que la p\u00e1gina reconozca el idioma del usuario, el tama\u00f1o de letras, etc.<\/li><li>De seguridad:\u00a0Impiden o dificultan ataques contra el sitio web o sus usuarios.<\/li><\/ul><p>Cookies afectadas:<\/p><ul><li>Anal\u00edticas:\u00a0Permiten medir la actividad de los usuarios y elaborar estad\u00edsticas de navegaci\u00f3n.<\/li><li>Publicitarias:\u00a0Gestionan la frecuencia y el contenido de los anuncios.<\/li><li>De seguimiento:\u00a0Almacenan informaci\u00f3n sobre los usuarios para mostrarles publicidad personalizada.<\/li><\/ul><p>\u201cSPD\u201d informa que el sitio web utiliza las siguientes cookies en el dominio spdgirona.com:<\/p><p><strong><u>Cookies t\u00e9cnicas necess\u00e0ries:<\/u><\/strong> Las cookies t\u00e9cnicas necesarias ayudan a que un sitio web sea utilizable habilitando funciones b\u00e1sicas como la navegaci\u00f3n por p\u00e1ginas y el acceso a \u00e1reas seguras del sitio web. El sitio web no puede funcionar correctamente sin estas cookies.<\/p><table width=\"664\"><tbody><tr><td width=\"181\"><p>Dominio<\/p><\/td><td width=\"112\"><p>Titularidad<\/p><\/td><td width=\"167\"><p>Nombre<\/p><\/td><td width=\"115\"><p>Funci\u00f3n<\/p><\/td><td width=\"89\"><p>Duraci\u00f3n<\/p><\/td><\/tr><tr><td width=\"181\"><p>spdgirona.com<\/p><\/td><td width=\"112\"><p>\u201cSPD\u201d<\/p><\/td><td width=\"167\"><p>wpEmojiSettingsSupports<\/p><\/td><td width=\"115\"><p>WordPress establece esta cookie cuando un usuario interact\u00faa con emoticonos en un sitio de WordPress. Ayuda a determinar si el navegador del usuario puede mostrar emoticonos correctamente.<\/p><\/td><td width=\"89\"><p>Sesi\u00f3n<\/p><\/td><\/tr><tr><td width=\"181\"><p>Google.com<\/p><\/td><td width=\"112\"><p>Google<\/p><\/td><td width=\"167\"><p>rc::a<\/p><\/td><td width=\"115\"><p>Esta cookie es configurada por el servicio Google reCAPTCHA para identificar bots y proteger el sitio web contra ataques maliciosos de spam.<\/p><\/td><td width=\"89\"><p>Permanente<\/p><\/td><\/tr><tr><td width=\"181\"><p>Google.com<\/p><\/td><td width=\"112\"><p>Google<\/p><\/td><td width=\"167\"><p>rc::c<\/p><\/td><td width=\"115\"><p>Esta cookie es configurada por el servicio Google reCAPTCHA para identificar bots y proteger el sitio web contra ataques maliciosos de spam.<\/p><\/td><td width=\"89\"><p>Sesi\u00f3n<\/p><\/td><\/tr><\/tbody><\/table><p>\u00a0<\/p><p><strong><u>Cookies estad\u00edsticas:<\/u><\/strong> Las cookies estad\u00edsticas ayudan a los propietarios de p\u00e1ginas web a comprender c\u00f3mo interact\u00faan los visitantes con las p\u00e1ginas web reuniendo y proporcionando informaci\u00f3n de forma an\u00f3nima.<\/p><table width=\"682\"><tbody><tr><td width=\"184\"><p>Dominio<\/p><\/td><td width=\"114\"><p>Titularidad<\/p><\/td><td width=\"184\"><p>Nombre<\/p><\/td><td width=\"115\"><p>Funci\u00f3n<\/p><\/td><td width=\"84\"><p>Duraci\u00f3n<\/p><\/td><\/tr><tr><td width=\"184\"><p>google-analytics.com<\/p><\/td><td width=\"114\"><p>\u201cSPD\u201d<\/p><\/td><td width=\"184\"><p>_ga<\/p><\/td><td width=\"115\"><p>Registra una identificaci\u00f3n \u00fanica que se utiliza para generar datos estad\u00edsticos acerca de c\u00f3mo utiliza el visitante el sitio web.<\/p><\/td><td width=\"84\"><p>1 a\u00f1o y 1 mes<\/p><\/td><\/tr><tr><td width=\"184\"><p>google-analytics.com<\/p><\/td><td width=\"114\"><p>\u201cSPD\u201d<\/p><\/td><td width=\"184\"><p>_ga_#<\/p><\/td><td width=\"115\"><p>Recopila datos sobre el n\u00famero de veces que un usuario ha visitado el sitio web adem\u00e1s de las fechas de la primera visita y de la m\u00e1s reciente. Utilizada por Google Analytics.<\/p><\/td><td width=\"84\"><p>1 a\u00f1o y 1 mes<\/p><\/td><\/tr><\/tbody><\/table><p>\u00a0<\/p><p>Una vez seleccionadas las cookies en el banner, para desactivarlas o reactivarlas de nuevo en su dispositivo, deber\u00e1 hacerlo a trav\u00e9s de su navegador de Internet o a trav\u00e9s del propio banner.<\/p><p>Para m\u00e1s informaci\u00f3n de c\u00f3mo gestionar las cookies consulte los siguientes enlaces:<\/p><p>Chrome desde aqu\u00ed: <a href=\"http:\/\/support.google.com\/chrome\/bin\/answer.py?hl=es&amp;answer=95647\">http:\/\/support.google.com\/chrome\/bin\/answer.py?hl=es&amp;answer=95647<\/a><\/p><p>Firefox desde aqu\u00ed: <a href=\"http:\/\/support.mozilla.org\/es\/kb\/habilitar-y-deshabilitar-cookies-que-los-sitios-we\">http:\/\/support.mozilla.org\/es\/kb\/habilitar-y-deshabilitar-cookies-que-los-sitios-we<\/a><\/p><p>Explorer desde aqu\u00ed: <a href=\"https:\/\/support.microsoft.com\/es-es\/help\/17442\/windows-internet-explorer-delete-manage-cookies\">https:\/\/support.microsoft.com\/es-es\/help\/17442\/windows-internet-explorer-delete-manage-cookies<\/a><\/p><p>Safari desde aqu\u00ed: <a href=\"http:\/\/support.apple.com\/kb\/ph5042\">http:\/\/support.apple.com\/kb\/ph5042<\/a><\/p><p>Opera desde aqu\u00ed: <a href=\"http:\/\/help.opera.com\/Windows\/11.50\/es-ES\/cookies.html\">http:\/\/help.opera.com\/Windows\/11.50\/es-ES\/cookies.html<\/a><\/p><p>SERVICIOS DE TERCEROS<\/p><p>Adicionalmente, \u201cSPD\u201d tiene presencia en portales para los que, si desea conocer las condiciones de privacidad y uso de cookies, deber\u00e1n consultarse las pol\u00edticas proporcionadas por los mismos:<\/p><p>Linkedin: http:\/\/www.linkedin.com\/legal\/privacy-policy<\/p><p>Google: https:\/\/policies.google.com\/technologies\/cookies?hl=es<\/p>\t\t\t\t\t\t\t\t<\/div>\n\t\t\t\t<\/div>\n\t\t\t\t\t<\/div>\n\t\t\t\t<\/div>\n\t\t\t\t<\/div>\n\t\t","protected":false},"excerpt":{"rendered":"<p>Pol\u00edtica de cookies Las cookies son peque\u00f1os archivos que se instalan en el ordenador del usuario y que permiten al responsable de un servicio mejorar la forma de interactuar entre sus visitantes y su sitio web. En algunos casos, la instalaci\u00f3n de estas cookies requiere del consentimiento del usuario. Existen diferentes clases de cookies, afectadas [&hellip;]<\/p>\n","protected":false},"author":1,"featured_media":0,"parent":0,"menu_order":0,"comment_status":"closed","ping_status":"open","template":"","meta":{"footnotes":""},"class_list":["post-1108","page","type-page","status-publish","hentry"],"yoast_head":"<!-- This site is optimized with the Yoast SEO plugin v26.6 - https:\/\/yoast.com\/wordpress\/plugins\/seo\/ -->\n<title>Pol\u00edtica de cookies - SPD Girona<\/title>\n<meta name=\"robots\" content=\"index, follow, max-snippet:-1, max-image-preview:large, max-video-preview:-1\" \/>\n<link rel=\"canonical\" href=\"https:\/\/spdgirona.com\/es\/politica-de-cookies\/\" \/>\n<meta property=\"og:locale\" content=\"es_ES\" \/>\n<meta property=\"og:type\" content=\"article\" \/>\n<meta property=\"og:title\" content=\"Pol\u00edtica de cookies - SPD Girona\" \/>\n<meta property=\"og:description\" content=\"Pol\u00edtica de cookies Las cookies son peque\u00f1os archivos que se instalan en el ordenador del usuario y que permiten al responsable de un servicio mejorar la forma de interactuar entre sus visitantes y su sitio web. En algunos casos, la instalaci\u00f3n de estas cookies requiere del consentimiento del usuario. Existen diferentes clases de cookies, afectadas [&hellip;]\" \/>\n<meta property=\"og:url\" content=\"https:\/\/spdgirona.com\/es\/politica-de-cookies\/\" \/>\n<meta property=\"og:site_name\" content=\"SPD Girona\" \/>\n<meta property=\"article:modified_time\" content=\"2025-01-31T07:51:07+00:00\" \/>\n<meta name=\"twitter:card\" content=\"summary_large_image\" \/>\n<meta name=\"twitter:label1\" content=\"Tiempo de lectura\" \/>\n\t<meta name=\"twitter:data1\" content=\"3 minutos\" \/>\n<script type=\"application\/ld+json\" class=\"yoast-schema-graph\">{\"@context\":\"https:\/\/schema.org\",\"@graph\":[{\"@type\":\"WebPage\",\"@id\":\"https:\/\/spdgirona.com\/es\/politica-de-cookies\/\",\"url\":\"https:\/\/spdgirona.com\/es\/politica-de-cookies\/\",\"name\":\"Pol\u00edtica de cookies - SPD Girona\",\"isPartOf\":{\"@id\":\"https:\/\/spdgirona.com\/es\/#website\"},\"datePublished\":\"2025-01-29T14:52:03+00:00\",\"dateModified\":\"2025-01-31T07:51:07+00:00\",\"breadcrumb\":{\"@id\":\"https:\/\/spdgirona.com\/es\/politica-de-cookies\/#breadcrumb\"},\"inLanguage\":\"es\",\"potentialAction\":[{\"@type\":\"ReadAction\",\"target\":[\"https:\/\/spdgirona.com\/es\/politica-de-cookies\/\"]}]},{\"@type\":\"BreadcrumbList\",\"@id\":\"https:\/\/spdgirona.com\/es\/politica-de-cookies\/#breadcrumb\",\"itemListElement\":[{\"@type\":\"ListItem\",\"position\":1,\"name\":\"Portada\",\"item\":\"https:\/\/spdgirona.com\/es\/\"},{\"@type\":\"ListItem\",\"position\":2,\"name\":\"Pol\u00edtica de cookies\"}]},{\"@type\":\"WebSite\",\"@id\":\"https:\/\/spdgirona.com\/es\/#website\",\"url\":\"https:\/\/spdgirona.com\/es\/\",\"name\":\"SPD Girona\",\"description\":\"\",\"publisher\":{\"@id\":\"https:\/\/spdgirona.com\/es\/#organization\"},\"potentialAction\":[{\"@type\":\"SearchAction\",\"target\":{\"@type\":\"EntryPoint\",\"urlTemplate\":\"https:\/\/spdgirona.com\/es\/?s={search_term_string}\"},\"query-input\":{\"@type\":\"PropertyValueSpecification\",\"valueRequired\":true,\"valueName\":\"search_term_string\"}}],\"inLanguage\":\"es\"},{\"@type\":\"Organization\",\"@id\":\"https:\/\/spdgirona.com\/es\/#organization\",\"name\":\"SPD Girona\",\"url\":\"https:\/\/spdgirona.com\/es\/\",\"logo\":{\"@type\":\"ImageObject\",\"inLanguage\":\"es\",\"@id\":\"https:\/\/spdgirona.com\/es\/#\/schema\/logo\/image\/\",\"url\":\"https:\/\/spdgirona.com\/wp-content\/uploads\/2024\/09\/SPD-girona-2.webp\",\"contentUrl\":\"https:\/\/spdgirona.com\/wp-content\/uploads\/2024\/09\/SPD-girona-2.webp\",\"width\":203,\"height\":52,\"caption\":\"SPD Girona\"},\"image\":{\"@id\":\"https:\/\/spdgirona.com\/es\/#\/schema\/logo\/image\/\"}}]}<\/script>\n<!-- \/ Yoast SEO plugin. -->","yoast_head_json":{"title":"Pol\u00edtica de cookies - SPD Girona","robots":{"index":"index","follow":"follow","max-snippet":"max-snippet:-1","max-image-preview":"max-image-preview:large","max-video-preview":"max-video-preview:-1"},"canonical":"https:\/\/spdgirona.com\/es\/politica-de-cookies\/","og_locale":"es_ES","og_type":"article","og_title":"Pol\u00edtica de cookies - SPD Girona","og_description":"Pol\u00edtica de cookies Las cookies son peque\u00f1os archivos que se instalan en el ordenador del usuario y que permiten al responsable de un servicio mejorar la forma de interactuar entre sus visitantes y su sitio web. En algunos casos, la instalaci\u00f3n de estas cookies requiere del consentimiento del usuario. Existen diferentes clases de cookies, afectadas [&hellip;]","og_url":"https:\/\/spdgirona.com\/es\/politica-de-cookies\/","og_site_name":"SPD Girona","article_modified_time":"2025-01-31T07:51:07+00:00","twitter_card":"summary_large_image","twitter_misc":{"Tiempo de lectura":"3 minutos"},"schema":{"@context":"https:\/\/schema.org","@graph":[{"@type":"WebPage","@id":"https:\/\/spdgirona.com\/es\/politica-de-cookies\/","url":"https:\/\/spdgirona.com\/es\/politica-de-cookies\/","name":"Pol\u00edtica de cookies - SPD Girona","isPartOf":{"@id":"https:\/\/spdgirona.com\/es\/#website"},"datePublished":"2025-01-29T14:52:03+00:00","dateModified":"2025-01-31T07:51:07+00:00","breadcrumb":{"@id":"https:\/\/spdgirona.com\/es\/politica-de-cookies\/#breadcrumb"},"inLanguage":"es","potentialAction":[{"@type":"ReadAction","target":["https:\/\/spdgirona.com\/es\/politica-de-cookies\/"]}]},{"@type":"BreadcrumbList","@id":"https:\/\/spdgirona.com\/es\/politica-de-cookies\/#breadcrumb","itemListElement":[{"@type":"ListItem","position":1,"name":"Portada","item":"https:\/\/spdgirona.com\/es\/"},{"@type":"ListItem","position":2,"name":"Pol\u00edtica de cookies"}]},{"@type":"WebSite","@id":"https:\/\/spdgirona.com\/es\/#website","url":"https:\/\/spdgirona.com\/es\/","name":"SPD Girona","description":"","publisher":{"@id":"https:\/\/spdgirona.com\/es\/#organization"},"potentialAction":[{"@type":"SearchAction","target":{"@type":"EntryPoint","urlTemplate":"https:\/\/spdgirona.com\/es\/?s={search_term_string}"},"query-input":{"@type":"PropertyValueSpecification","valueRequired":true,"valueName":"search_term_string"}}],"inLanguage":"es"},{"@type":"Organization","@id":"https:\/\/spdgirona.com\/es\/#organization","name":"SPD Girona","url":"https:\/\/spdgirona.com\/es\/","logo":{"@type":"ImageObject","inLanguage":"es","@id":"https:\/\/spdgirona.com\/es\/#\/schema\/logo\/image\/","url":"https:\/\/spdgirona.com\/wp-content\/uploads\/2024\/09\/SPD-girona-2.webp","contentUrl":"https:\/\/spdgirona.com\/wp-content\/uploads\/2024\/09\/SPD-girona-2.webp","width":203,"height":52,"caption":"SPD Girona"},"image":{"@id":"https:\/\/spdgirona.com\/es\/#\/schema\/logo\/image\/"}}]}},"_links":{"self":[{"href":"https:\/\/spdgirona.com\/es\/wp-json\/wp\/v2\/pages\/1108","targetHints":{"allow":["GET"]}}],"collection":[{"href":"https:\/\/spdgirona.com\/es\/wp-json\/wp\/v2\/pages"}],"about":[{"href":"https:\/\/spdgirona.com\/es\/wp-json\/wp\/v2\/types\/page"}],"author":[{"embeddable":true,"href":"https:\/\/spdgirona.com\/es\/wp-json\/wp\/v2\/users\/1"}],"replies":[{"embeddable":true,"href":"https:\/\/spdgirona.com\/es\/wp-json\/wp\/v2\/comments?post=1108"}],"version-history":[{"count":10,"href":"https:\/\/spdgirona.com\/es\/wp-json\/wp\/v2\/pages\/1108\/revisions"}],"predecessor-version":[{"id":1118,"href":"https:\/\/spdgirona.com\/es\/wp-json\/wp\/v2\/pages\/1108\/revisions\/1118"}],"wp:attachment":[{"href":"https:\/\/spdgirona.com\/es\/wp-json\/wp\/v2\/media?parent=1108"}],"curies":[{"name":"wp","href":"https:\/\/api.w.org\/{rel}","templated":true}]}}