{"id":989,"date":"2025-01-29T16:08:51","date_gmt":"2025-01-29T15:08:51","guid":{"rendered":"https:\/\/spdgirona.com\/?page_id=989"},"modified":"2025-01-29T17:52:25","modified_gmt":"2025-01-29T16:52:25","slug":"aviso-legal","status":"publish","type":"page","link":"https:\/\/spdgirona.com\/es\/aviso-legal\/","title":{"rendered":"Aviso legal"},"content":{"rendered":"\t\t<div data-elementor-type=\"wp-page\" data-elementor-id=\"989\" class=\"elementor elementor-989 elementor-861\" data-elementor-post-type=\"page\">\n\t\t\t\t<div class=\"elementor-element elementor-element-6640b73e e-flex e-con-boxed e-con e-parent\" data-id=\"6640b73e\" data-element_type=\"container\">\n\t\t\t\t\t<div class=\"e-con-inner\">\n\t\t\t\t<div class=\"elementor-element elementor-element-ed31fa1 elementor-widget elementor-widget-heading\" data-id=\"ed31fa1\" data-element_type=\"widget\" data-widget_type=\"heading.default\">\n\t\t\t\t<div class=\"elementor-widget-container\">\n\t\t\t\t\t<div class=\"elementor-heading-title elementor-size-default\">Aviso legal<\/div>\t\t\t\t<\/div>\n\t\t\t\t<\/div>\n\t\t\t\t<div class=\"elementor-element elementor-element-3ec3538 elementor-widget elementor-widget-text-editor\" data-id=\"3ec3538\" data-element_type=\"widget\" data-widget_type=\"text-editor.default\">\n\t\t\t\t<div class=\"elementor-widget-container\">\n\t\t\t\t\t\t\t\t\t<p>En cumplimiento con lo dispuesto en el art\u00edculo 10 de la Ley 34\/2002, de 11 de julio, de Servicios de la Sociedad de la Informaci\u00f3n y de Comercio Electr\u00f3nico (LSSICE), le informamos sobre los siguientes aspectos legales:<\/p><p><strong>Propiedad del sitio web<\/strong><\/p><p>Titular: SPD GIRONA S.L.<br \/>CIF B17367491<br \/>Tel\u00e9fono: 972 572 633<br \/>Contacto: spdgirona@spdgirona.com<\/p><p><strong>Condiciones generales de uso<\/strong><\/p><p><u>Titular<\/u><\/p><p>\u201cSPD\u201d, en calidad de titular y responsable del presente sitio web, pone a disposici\u00f3n de los usuarios este documento con el fin de cumplir con las obligaciones establecidas en la Ley 34\/2002, de 11 de julio, de Servicios de la Sociedad de la Informaci\u00f3n y del Comercio Electr\u00f3nico.<\/p><p><u>Objeto<\/u><\/p><p>La p\u00e1gina web de \u201cSPD\u201d tiene como objetivo proporcionar al p\u00fablico informaci\u00f3n sobre sus servicios.<\/p><p><u>Contenidos<\/u><\/p><p>Con el fin de mantener actualizada la informaci\u00f3n publicada en el portal web, los contenidos podr\u00e1n ser modificados, corregidos, eliminados o a\u00f1adidos en cualquier momento. Por lo tanto, se recomienda comprobar la vigencia y exactitud de la informaci\u00f3n consultando los textos actualizados disponibles en el sitio web.<\/p><p>El titular de este sitio web se reserva la facultad de realizar, en cualquier momento y sin previo aviso, modificaciones y actualizaciones de la informaci\u00f3n contenida en la web, as\u00ed como de la configuraci\u00f3n y presentaci\u00f3n de la misma.<\/p><p><u>Aceptaci\u00f3n<\/u><\/p><p>El uso de cualquiera de las funcionalidades del sitio web implica la aceptaci\u00f3n plena y expresa de las condiciones aqu\u00ed expuestas, sin perjuicio de aquellas condiciones particulares que puedan aplicarse a algunos de los servicios espec\u00edficos ofrecidos a trav\u00e9s del sitio web.<\/p><p><strong>Acceso a la p\u00e1gina web<\/strong><\/p><p>Tal como se ha indicado anteriormente, el acceso a la p\u00e1gina web de \u201cSPD\u201d es responsabilidad exclusiva de los usuarios y supone la aceptaci\u00f3n y el conocimiento de las condiciones establecidas en el aviso legal, la pol\u00edtica de cookies, la pol\u00edtica de privacidad y los t\u00e9rminos y condiciones de uso.<\/p><p><u>\u00a0<\/u><\/p><p><u>Acceso gratuito<\/u><\/p><p>El acceso a la p\u00e1gina web es gratuito para los usuarios, salvo en lo que respecta al coste de la conexi\u00f3n a Internet, que ser\u00e1 el que establezca el Proveedor de Acceso a Internet (ISP) contratado por el usuario.<\/p><p><strong>Condiciones generales de uso<\/strong><\/p><p>La utilizaci\u00f3n de la p\u00e1gina web de \u201cSPD\u201d atribuye la condici\u00f3n de Usuario. El usuario se compromete a hacer un uso adecuado de los contenidos, servicios y actividades que \u201cSPD\u201d pone a su disposici\u00f3n, conforme a lo establecido en el presente Aviso Legal y a no utilizar la informaci\u00f3n, actividades y servicios de la p\u00e1gina web para desarrollar actividades que sean contrarias a las leyes vigentes.<\/p><p><u>\u00a0<\/u><\/p><p><u>Contenidos<\/u><\/p><p>Los contenidos de la p\u00e1gina web de \u201cSPD\u201d son proporcionados tanto por la empresa como por terceros. \u201cSPD\u201d se compromete a adoptar los medios razonables para garantizar que los contenidos sean siempre exactos y est\u00e9n actualizados. No obstante, no se puede garantizar que toda la informaci\u00f3n est\u00e9 libre de errores, por lo que se recomienda al usuario comprobar la exactitud de los datos proporcionados.<\/p><p><u>Servicios interactivos<\/u><\/p><p>En caso de que la p\u00e1gina web de \u201cSPD\u201d ofrezca servicios interactivos que permitan a los usuarios divulgar contenidos (por ejemplo, foros, blogs, comentarios, redes sociales u otros medios), el uso de dichos servicios ser\u00e1 conforme a la ley y al presente aviso legal.<\/p><p>\u201cSPD\u201d no se hace responsable de la informaci\u00f3n y los contenidos almacenados o divulgados por los usuarios en estos servicios interactivos, tales como, a t\u00edtulo enunciativo pero no limitativo, foros, chats, blogs, comentarios y redes sociales.<\/p><p>\u00a0<\/p><p>Sin embargo, en cumplimiento de lo dispuesto en los art\u00edculos 11 y 16 de la Ley 34\/2002, de Servicios de la Sociedad de la Informaci\u00f3n y Comercio Electr\u00f3nico (LSSICE), \u201cSPD\u201d colaborar\u00e1 activamente en la retirada o, en su caso, el bloqueo de todos aquellos contenidos que puedan contravenir la legislaci\u00f3n vigente, los derechos de terceros o que atenten contra la moralidad y el orden p\u00fablico, cuando tenga conocimiento efectivo de ello.<\/p><p><u>Informaci\u00f3n veraz<\/u><\/p><p>Al comunicarse con \u201cSPD\u201d, el usuario se compromete a proporcionar informaci\u00f3n veraz y exacta, garantizando en todo momento la autenticidad de los datos facilitados. Ser\u00e1 responsabilidad del usuario mantener toda la informaci\u00f3n actualizada, y notificar cualquier cambio que pueda afectar al uso de los servicios.<\/p><p><u>Usuarios menores de edad<\/u><\/p><p>Los usuarios menores de edad deber\u00e1n obtener el consentimiento previo y expreso de sus padres, tutores o representantes legales para el uso de los servicios ofrecidos por \u201cSPD\u201d. La responsabilidad de determinar los contenidos a los que accede un menor recae sobre los padres, tutores o representantes legales. Para evitar el acceso a contenido inapropiado, se recomienda el uso de programas o filtros que limiten el acceso a ciertos contenidos en Internet.<\/p><p><u>Uso correcto de la p\u00e1gina web<\/u><\/p><p>El usuario se compromete a hacer un uso adecuado de la web y de las herramientas que se le proporcionan, conforme a la ley, al presente Aviso Legal, y a las instrucciones y avisos que puedan ser comunicados por \u201cSPD\u201d. El usuario se obliga a utilizar la p\u00e1gina web y sus contenidos \u00fanicamente para fines l\u00edcitos, que no infrinjan la legalidad vigente ni los derechos leg\u00edtimos de \u201cSPD\u201d. Adem\u00e1s, el usuario se compromete a no realizar acciones que puedan causar da\u00f1o o perjuicio, directo o indirecto, a la web o a sus usuarios.<\/p><p><strong>Propiedad intelectual, industrial<\/strong><\/p><p>Todos los elementos que conforman el sitio web, as\u00ed como su estructura, dise\u00f1o, fotograf\u00edas, iconos, gr\u00e1ficos, im\u00e1genes, c\u00f3digo fuente, logotipos, marcas y dem\u00e1s signos distintivos que aparecen en la misma, son propiedad intelectual de \u201cSPD\u201d o de terceros, salvo que se indique lo contrario. Estos elementos est\u00e1n protegidos por los derechos correspondientes de propiedad intelectual e industrial.<\/p><p>El usuario se compromete a no utilizar la marca gr\u00e1fica ni cualquier otro signo distintivo de \u201cSPD\u201d en su propia p\u00e1gina web, salvo en los casos expresamente autorizados por \u201cSPD\u201d. Cualquier autorizaci\u00f3n deber\u00e1 ser solicitada por escrito a \u201cSPD\u201d.<\/p><p>Por tanto, el usuario que acceda al sitio web deber\u00e1 respetar en todo momento los derechos de propiedad intelectual e industrial de \u201cSPD\u201d y de terceros.<\/p><p>La reproducci\u00f3n total o parcial, el uso, distribuci\u00f3n y comunicaci\u00f3n p\u00fablica de cualquier elemento protegido en el sitio web requiere la autorizaci\u00f3n previa y por escrito de \u201cSPD\u201d. Cualquier uso no autorizado ser\u00e1 considerado un incumplimiento grave de los derechos de propiedad intelectual o industrial.<\/p><p>\u00a0<\/p><p>Asimismo, las im\u00e1genes y otros elementos gr\u00e1ficos contenidos en el sitio web est\u00e1n igualmente protegidos por los derechos correspondientes de propiedad intelectual e industrial. El uso, reproducci\u00f3n, distribuci\u00f3n, comunicaci\u00f3n p\u00fablica, transformaci\u00f3n o cualquier otra actividad similar o an\u00e1loga est\u00e1 totalmente prohibida, salvo que medie la autorizaci\u00f3n expresa del titular.<\/p><p>En cuanto a las menciones de productos y\/o servicios de terceros, el titular del sitio web reconoce a favor de los propietarios los correspondientes derechos de propiedad industrial e intelectual. La simple menci\u00f3n o aparici\u00f3n de dichos productos y\/o servicios en la web no implica la existencia de derechos sobre los mismos, ni patrocinio o recomendaci\u00f3n por parte de \u201cSPD\u201d.<\/p><p><u>Enlaces de terceros a la p\u00e1gina de <\/u><u>\u201cSPD\u201d<\/u><\/p><p>Si un usuario desea insertar un enlace desde su p\u00e1gina web hacia el sitio web de \u201cSPD\u201d, deber\u00e1 obtener la autorizaci\u00f3n previa y por escrito de \u201cSPD\u201d.<\/p><p>El titular del sitio web respeta los derechos de propiedad intelectual e industrial de terceros. Por ello, si considera que en nuestro sitio web se est\u00e1n vulnerando sus derechos, rogamos que se ponga en contacto con el titular de la p\u00e1gina web a trav\u00e9s del siguiente correo electr\u00f3nico: spdgirona@spdgirona.com<\/p><p><strong>Exclusi\u00f3n de garant\u00edas y responsabilidad<\/strong><\/p><p>El usuario ser\u00e1 responsable de los da\u00f1os y perjuicios de toda naturaleza que \u201cSPD\u201d pueda sufrir como consecuencia del incumplimiento de cualquiera de las obligaciones a las que est\u00e1 sometido seg\u00fan lo establecido en este Aviso Legal.<\/p><p><strong>Protecci\u00f3n de datos<\/strong><\/p><p>En aquellos casos en los que se recaben, traten o almacenen datos personales, estos se gestionar\u00e1n conforme a nuestra Pol\u00edtica de Privacidad, la cual est\u00e1 disponible en el pie de p\u00e1gina de esta web para su consulta.<\/p><p><strong>Pol\u00edtica de cookies<\/strong><\/p><p>El uso de cookies en esta p\u00e1gina web se regula mediante nuestra Pol\u00edtica de Cookies, la cual se encuentra detallada y disponible para su consulta en el pie de p\u00e1gina de esta web.<\/p><p><strong>Acceso a la p\u00e1gina web<\/strong><\/p><p>\u201cSPD\u201d no se responsabiliza de los da\u00f1os o perjuicios de cualquier tipo que pueda sufrir el usuario debido a fallos en las redes de telecomunicaciones que puedan ocasionar la suspensi\u00f3n, cancelaci\u00f3n o interrupci\u00f3n del servicio de la p\u00e1gina web, tanto durante su prestaci\u00f3n como con car\u00e1cter previo.<\/p><p><strong>Calidad del servicio y de los contenidos<\/strong><\/p><p>El titular del sitio web no garantiza la ausencia de errores en el acceso a la web ni en su contenido, ni que estos se encuentren actualizados. No obstante, se compromete a realizar los mejores esfuerzos para evitar, subsanar o actualizar cualquier error en su caso. En caso de que el usuario detecte alg\u00fan contenido que considere incorrecto o susceptible de mejora, le rogamos que se ponga en contacto con el titular del sitio web.<\/p><p>El acceso al sitio web y el uso de la informaci\u00f3n contenida en \u00e9l son responsabilidad exclusiva de quien lo realice.<\/p><p>Disponibilidad y funcionamiento<\/p><p>\u201cSPD\u201d intentar\u00e1 garantizar el correcto funcionamiento de la p\u00e1gina web las 24 horas del d\u00eda, los 365 d\u00edas del a\u00f1o. Sin embargo, no se puede descartar la posibilidad de que surjan causas de fuerza mayor, cat\u00e1strofes naturales, huelgas u otras circunstancias que puedan hacer imposible el acceso al sitio web. En consecuencia, \u201cSPD\u201d no se hace responsable de los da\u00f1os y perjuicios de cualquier naturaleza que pudieran derivarse de la falta de disponibilidad, mantenimiento o funcionamiento efectivo de la web, de sus servicios o de los contenidos.<\/p><p>Seguridad de los contenidos<\/p><p>Asimismo, \u201cSPD\u201d no se responsabiliza de la existencia de virus, programas maliciosos o lesivos en los contenidos, ni del uso il\u00edcito, negligente o fraudulento que se haga de la p\u00e1gina web o de los servicios. Tampoco es responsable de la falta de licitud, calidad, fiabilidad, utilidad o disponibilidad de los servicios prestados por terceros a trav\u00e9s del sitio web.<\/p><p>Interrupci\u00f3n del servicio<\/p><p>\u201cSPD\u201d se reserva el derecho a interrumpir el acceso a su p\u00e1gina web en cualquier momento y sin previo aviso, ya sea por motivos de seguridad, control, mantenimiento, errores de suministro el\u00e9ctrico, o cualquier otra causa. En consecuencia, \u201cSPD\u201d no se responsabiliza de las consecuencias de eventuales interrupciones, ya que no puede garantizar la fiabilidad, disponibilidad ni continuidad de su p\u00e1gina web.<\/p><p>Colaboraci\u00f3n con autoridades<\/p><p>En cumplimiento de lo dispuesto en la Ley 34\/2002, de Servicios de la Sociedad de la Informaci\u00f3n y del Comercio Electr\u00f3nico, el titular del sitio web se pone a disposici\u00f3n de los usuarios, autoridades y fuerzas de seguridad, colaborando de manera activa en la retirada o bloqueo de contenidos que puedan contravenir la legislaci\u00f3n nacional o internacional, los derechos de terceros, o la moral y el orden p\u00fablico.<\/p><p><u>Enlaces de terceros<\/u><\/p><p>Los enlaces contenidos en nuestro sitio web pueden dirigir a contenidos de terceros. En este sentido, \u201cSPD\u201d act\u00faa como prestador de servicios de intermediaci\u00f3n de acuerdo con el art\u00edculo 17 de la Ley 34\/2002 y solo ser\u00e1 responsable de los contenidos y servicios suministrados en las p\u00e1ginas web de terceros en la medida en que tenga conocimiento efectivo de su ilicitud y no act\u00fae con diligencia para suprimir o inutilizar el enlace.<\/p><p>Los enlaces tienen como \u00fanico objetivo facilitar la b\u00fasqueda de recursos que puedan ser de inter\u00e9s para el usuario. Sin embargo, \u201cSPD\u201d no asume ninguna responsabilidad sobre los contenidos, informaciones o servicios que puedan aparecer en dichas p\u00e1ginas web, ya que no realiza una revisi\u00f3n exhaustiva de su contenido. En caso de que el usuario considere que un enlace conduce a contenido il\u00edcito, podr\u00e1 comunicarlo a spdgirona@spdgirona.com, sin que dicha comunicaci\u00f3n implique una obligaci\u00f3n de retirar el enlace.<\/p><p>El titular del sitio web no se hace responsable del funcionamiento de las p\u00e1ginas enlazadas ni de los posibles da\u00f1os derivados del acceso o uso de dichas p\u00e1ginas.<\/p><p>El establecimiento de un enlace hacia otra p\u00e1gina web no supone, en ning\u00fan caso, un acuerdo, contrato, patrocinio ni recomendaci\u00f3n por parte de \u201cSPD\u201d.<\/p><p>\u201cSPD\u201d no se responsabiliza ni garantiza la claridad, exactitud, fiabilidad, correcci\u00f3n o moralidad de los contenidos o servicios que las p\u00e1ginas enlazadas puedan ofrecer. El usuario asume bajo su exclusiva responsabilidad las consecuencias, da\u00f1os o acciones que pudieran derivarse del acceso a estas p\u00e1ginas.<\/p><p><strong>Ley Aplicable y jurisdicci\u00f3n<\/strong><\/p><p>La ley aplicable en caso de disputa o conflicto relacionado con la interpretaci\u00f3n de los t\u00e9rminos de este Aviso Legal, as\u00ed como cualquier otra cuesti\u00f3n relacionada con los servicios ofrecidos a trav\u00e9s de la p\u00e1gina web de \u201cSPD\u201d, ser\u00e1 la ley espa\u00f1ola.<\/p><p>Para la resoluci\u00f3n de cualquier conflicto derivado del acceso o uso de la p\u00e1gina web, el usuario y \u201cSPD\u201d, en la medida en que la normativa lo permita, acuerdan someterse a la jurisdicci\u00f3n exclusiva de los Jueces y Tribunales de la ciudad de Girona, con renuncia expresa a cualquier otro fuero que pudiera corresponderles, ya sea por raz\u00f3n de su domicilio u otra circunstancia.<\/p>\t\t\t\t\t\t\t\t<\/div>\n\t\t\t\t<\/div>\n\t\t\t\t\t<\/div>\n\t\t\t\t<\/div>\n\t\t\t\t<\/div>\n\t\t","protected":false},"excerpt":{"rendered":"<p>Aviso legal En cumplimiento con lo dispuesto en el art\u00edculo 10 de la Ley 34\/2002, de 11 de julio, de Servicios de la Sociedad de la Informaci\u00f3n y de Comercio Electr\u00f3nico (LSSICE), le informamos sobre los siguientes aspectos legales: Propiedad del sitio web Titular: SPD GIRONA S.L.CIF B17367491Tel\u00e9fono: 972 572 633Contacto: spdgirona@spdgirona.com Condiciones generales de [&hellip;]<\/p>\n","protected":false},"author":1,"featured_media":0,"parent":0,"menu_order":0,"comment_status":"closed","ping_status":"open","template":"","meta":{"footnotes":""},"class_list":["post-989","page","type-page","status-publish","hentry"],"yoast_head":"<!-- This site is optimized with the Yoast SEO plugin v26.6 - https:\/\/yoast.com\/wordpress\/plugins\/seo\/ -->\n<title>Aviso legal - SPD Girona<\/title>\n<meta name=\"robots\" content=\"noindex, follow\" \/>\n<meta property=\"og:locale\" content=\"es_ES\" \/>\n<meta property=\"og:type\" content=\"article\" \/>\n<meta property=\"og:title\" content=\"Aviso legal - SPD Girona\" \/>\n<meta property=\"og:description\" content=\"Aviso legal En cumplimiento con lo dispuesto en el art\u00edculo 10 de la Ley 34\/2002, de 11 de julio, de Servicios de la Sociedad de la Informaci\u00f3n y de Comercio Electr\u00f3nico (LSSICE), le informamos sobre los siguientes aspectos legales: Propiedad del sitio web Titular: SPD GIRONA S.L.CIF B17367491Tel\u00e9fono: 972 572 633Contacto: spdgirona@spdgirona.com Condiciones generales de [&hellip;]\" \/>\n<meta property=\"og:url\" content=\"https:\/\/spdgirona.com\/es\/aviso-legal\/\" \/>\n<meta property=\"og:site_name\" content=\"SPD Girona\" \/>\n<meta property=\"article:modified_time\" content=\"2025-01-29T16:52:25+00:00\" \/>\n<meta name=\"twitter:card\" content=\"summary_large_image\" \/>\n<meta name=\"twitter:label1\" content=\"Tiempo de lectura\" \/>\n\t<meta name=\"twitter:data1\" content=\"12 minutos\" \/>\n<script type=\"application\/ld+json\" class=\"yoast-schema-graph\">{\"@context\":\"https:\/\/schema.org\",\"@graph\":[{\"@type\":\"WebPage\",\"@id\":\"https:\/\/spdgirona.com\/es\/aviso-legal\/\",\"url\":\"https:\/\/spdgirona.com\/es\/aviso-legal\/\",\"name\":\"Aviso legal - SPD Girona\",\"isPartOf\":{\"@id\":\"https:\/\/spdgirona.com\/es\/#website\"},\"datePublished\":\"2025-01-29T15:08:51+00:00\",\"dateModified\":\"2025-01-29T16:52:25+00:00\",\"breadcrumb\":{\"@id\":\"https:\/\/spdgirona.com\/es\/aviso-legal\/#breadcrumb\"},\"inLanguage\":\"es\",\"potentialAction\":[{\"@type\":\"ReadAction\",\"target\":[\"https:\/\/spdgirona.com\/es\/aviso-legal\/\"]}]},{\"@type\":\"BreadcrumbList\",\"@id\":\"https:\/\/spdgirona.com\/es\/aviso-legal\/#breadcrumb\",\"itemListElement\":[{\"@type\":\"ListItem\",\"position\":1,\"name\":\"Portada\",\"item\":\"https:\/\/spdgirona.com\/es\/\"},{\"@type\":\"ListItem\",\"position\":2,\"name\":\"Aviso legal\"}]},{\"@type\":\"WebSite\",\"@id\":\"https:\/\/spdgirona.com\/es\/#website\",\"url\":\"https:\/\/spdgirona.com\/es\/\",\"name\":\"SPD Girona\",\"description\":\"\",\"publisher\":{\"@id\":\"https:\/\/spdgirona.com\/es\/#organization\"},\"potentialAction\":[{\"@type\":\"SearchAction\",\"target\":{\"@type\":\"EntryPoint\",\"urlTemplate\":\"https:\/\/spdgirona.com\/es\/?s={search_term_string}\"},\"query-input\":{\"@type\":\"PropertyValueSpecification\",\"valueRequired\":true,\"valueName\":\"search_term_string\"}}],\"inLanguage\":\"es\"},{\"@type\":\"Organization\",\"@id\":\"https:\/\/spdgirona.com\/es\/#organization\",\"name\":\"SPD Girona\",\"url\":\"https:\/\/spdgirona.com\/es\/\",\"logo\":{\"@type\":\"ImageObject\",\"inLanguage\":\"es\",\"@id\":\"https:\/\/spdgirona.com\/es\/#\/schema\/logo\/image\/\",\"url\":\"https:\/\/spdgirona.com\/wp-content\/uploads\/2024\/09\/SPD-girona-2.webp\",\"contentUrl\":\"https:\/\/spdgirona.com\/wp-content\/uploads\/2024\/09\/SPD-girona-2.webp\",\"width\":203,\"height\":52,\"caption\":\"SPD Girona\"},\"image\":{\"@id\":\"https:\/\/spdgirona.com\/es\/#\/schema\/logo\/image\/\"}}]}<\/script>\n<!-- \/ Yoast SEO plugin. -->","yoast_head_json":{"title":"Aviso legal - SPD Girona","robots":{"index":"noindex","follow":"follow"},"og_locale":"es_ES","og_type":"article","og_title":"Aviso legal - SPD Girona","og_description":"Aviso legal En cumplimiento con lo dispuesto en el art\u00edculo 10 de la Ley 34\/2002, de 11 de julio, de Servicios de la Sociedad de la Informaci\u00f3n y de Comercio Electr\u00f3nico (LSSICE), le informamos sobre los siguientes aspectos legales: Propiedad del sitio web Titular: SPD GIRONA S.L.CIF B17367491Tel\u00e9fono: 972 572 633Contacto: spdgirona@spdgirona.com Condiciones generales de [&hellip;]","og_url":"https:\/\/spdgirona.com\/es\/aviso-legal\/","og_site_name":"SPD Girona","article_modified_time":"2025-01-29T16:52:25+00:00","twitter_card":"summary_large_image","twitter_misc":{"Tiempo de lectura":"12 minutos"},"schema":{"@context":"https:\/\/schema.org","@graph":[{"@type":"WebPage","@id":"https:\/\/spdgirona.com\/es\/aviso-legal\/","url":"https:\/\/spdgirona.com\/es\/aviso-legal\/","name":"Aviso legal - SPD Girona","isPartOf":{"@id":"https:\/\/spdgirona.com\/es\/#website"},"datePublished":"2025-01-29T15:08:51+00:00","dateModified":"2025-01-29T16:52:25+00:00","breadcrumb":{"@id":"https:\/\/spdgirona.com\/es\/aviso-legal\/#breadcrumb"},"inLanguage":"es","potentialAction":[{"@type":"ReadAction","target":["https:\/\/spdgirona.com\/es\/aviso-legal\/"]}]},{"@type":"BreadcrumbList","@id":"https:\/\/spdgirona.com\/es\/aviso-legal\/#breadcrumb","itemListElement":[{"@type":"ListItem","position":1,"name":"Portada","item":"https:\/\/spdgirona.com\/es\/"},{"@type":"ListItem","position":2,"name":"Aviso legal"}]},{"@type":"WebSite","@id":"https:\/\/spdgirona.com\/es\/#website","url":"https:\/\/spdgirona.com\/es\/","name":"SPD Girona","description":"","publisher":{"@id":"https:\/\/spdgirona.com\/es\/#organization"},"potentialAction":[{"@type":"SearchAction","target":{"@type":"EntryPoint","urlTemplate":"https:\/\/spdgirona.com\/es\/?s={search_term_string}"},"query-input":{"@type":"PropertyValueSpecification","valueRequired":true,"valueName":"search_term_string"}}],"inLanguage":"es"},{"@type":"Organization","@id":"https:\/\/spdgirona.com\/es\/#organization","name":"SPD Girona","url":"https:\/\/spdgirona.com\/es\/","logo":{"@type":"ImageObject","inLanguage":"es","@id":"https:\/\/spdgirona.com\/es\/#\/schema\/logo\/image\/","url":"https:\/\/spdgirona.com\/wp-content\/uploads\/2024\/09\/SPD-girona-2.webp","contentUrl":"https:\/\/spdgirona.com\/wp-content\/uploads\/2024\/09\/SPD-girona-2.webp","width":203,"height":52,"caption":"SPD Girona"},"image":{"@id":"https:\/\/spdgirona.com\/es\/#\/schema\/logo\/image\/"}}]}},"_links":{"self":[{"href":"https:\/\/spdgirona.com\/es\/wp-json\/wp\/v2\/pages\/989","targetHints":{"allow":["GET"]}}],"collection":[{"href":"https:\/\/spdgirona.com\/es\/wp-json\/wp\/v2\/pages"}],"about":[{"href":"https:\/\/spdgirona.com\/es\/wp-json\/wp\/v2\/types\/page"}],"author":[{"embeddable":true,"href":"https:\/\/spdgirona.com\/es\/wp-json\/wp\/v2\/users\/1"}],"replies":[{"embeddable":true,"href":"https:\/\/spdgirona.com\/es\/wp-json\/wp\/v2\/comments?post=989"}],"version-history":[{"count":14,"href":"https:\/\/spdgirona.com\/es\/wp-json\/wp\/v2\/pages\/989\/revisions"}],"predecessor-version":[{"id":1003,"href":"https:\/\/spdgirona.com\/es\/wp-json\/wp\/v2\/pages\/989\/revisions\/1003"}],"wp:attachment":[{"href":"https:\/\/spdgirona.com\/es\/wp-json\/wp\/v2\/media?parent=989"}],"curies":[{"name":"wp","href":"https:\/\/api.w.org\/{rel}","templated":true}]}}